{"id":10,"date":"2016-02-26T11:04:03","date_gmt":"2016-02-26T10:04:03","guid":{"rendered":"http:\/\/cms.fachanwalt-niemann.de\/?page_id=10"},"modified":"2026-01-23T15:56:29","modified_gmt":"2026-01-23T14:56:29","slug":"profil","status":"publish","type":"page","link":"https:\/\/fachanwalt-niemann.de\/index.php\/profil\/","title":{"rendered":"Profil"},"content":{"rendered":"<h2>Dr. Michael Niemann<\/h2>\n<p><a href=\"https:\/\/fachanwalt-niemann.de\/wp-content\/uploads\/2016\/04\/sidebar-mn.jpg\"><img loading=\"lazy\" decoding=\"async\" class=\"alignnone size-full wp-image-57\" src=\"https:\/\/fachanwalt-niemann.de\/wp-content\/uploads\/2016\/04\/sidebar-mn.jpg\" alt=\"\" width=\"225\" height=\"214\" \/><\/a><\/p>\n<p><em>Rechtsanwalt<\/em><\/p>\n<p>Nach meiner 35-j\u00e4hrigen T\u00e4tigkeit als Rechtsanwalt berate ich Sie im Grundst\u00fccks- und Pachtrecht sowie im Zivilrecht.<\/p>\n<h2>Cornelia Niemann<\/h2>\n<p><a href=\"https:\/\/fachanwalt-niemann.de\/wp-content\/uploads\/2026\/01\/sidebar_cn_profile.jpg\"><img loading=\"lazy\" decoding=\"async\" class=\"alignnone size-full wp-image-201\" src=\"https:\/\/fachanwalt-niemann.de\/wp-content\/uploads\/2026\/01\/sidebar_cn_profile.jpg\" alt=\"\" width=\"226\" height=\"214\" \/><\/a><\/p>\n<p><em>Rechtsanw\u00e4ltin<\/em><\/p>\n<p>Ich stehe Ihnen bei der Kl\u00e4rung familien- und erbrechtlicher Angelegenheiten zur Seite. Auch in arbeits- und sozialrechtlichen Angelegenheiten, in Rechtsstreitigkeiten auf dem Gebiet des Allgemeinen Zivilrechts k\u00f6nnen Sie sich vertrauensvoll an mich wenden. Gern vertrete ich Sie zudem in Straf- und Bu\u00dfgeldsachen.<\/p>\n<h2>Petra Niemann<\/h2>\n<p><a href=\"https:\/\/fachanwalt-niemann.de\/wp-content\/uploads\/2026\/01\/sidebar_p_profile.jpg\"><img loading=\"lazy\" decoding=\"async\" class=\"alignnone size-full wp-image-205\" src=\"https:\/\/fachanwalt-niemann.de\/wp-content\/uploads\/2026\/01\/sidebar_p_profile.jpg\" alt=\"\" width=\"225\" height=\"215\" \/><\/a><\/p>\n<p><em>Rechtsanw\u00e4ltin &#8211; Fachanw\u00e4ltin f\u00fcr Familienrecht<\/em><\/p>\n<p>Mit langj\u00e4hriger Erfahrung als Fachanw\u00e4ltin f\u00fcr Familienrecht berate ich Sie gern umfassend in familienrechtlichen Fragen, insbesondere Ehescheidungsverfahren, g\u00fcterrechtliche Auseinandersetzungen und im Unterhaltsrecht. Daneben bin ich auch spezialisiert im Erbrecht.<\/p>\n","protected":false},"excerpt":{"rendered":"<p>Dr. Michael Niemann Rechtsanwalt Nach meiner 35-j\u00e4hrigen T\u00e4tigkeit als Rechtsanwalt berate ich Sie im Grundst\u00fccks- und Pachtrecht sowie im Zivilrecht. Cornelia Niemann Rechtsanw\u00e4ltin Ich stehe Ihnen bei der Kl\u00e4rung familien- und erbrechtlicher Angelegenheiten zur Seite. Auch in arbeits- und sozialrechtlichen Angelegenheiten, in Rechtsstreitigkeiten auf dem Gebiet des Allgemeinen Zivilrechts k\u00f6nnen Sie sich vertrauensvoll an mich [&hellip;]<\/p>\n","protected":false},"author":2,"featured_media":203,"parent":0,"menu_order":0,"comment_status":"closed","ping_status":"closed","template":"","meta":{"footnotes":""},"class_list":["post-10","page","type-page","status-publish","has-post-thumbnail","hentry"],"_links":{"self":[{"href":"https:\/\/fachanwalt-niemann.de\/index.php\/wp-json\/wp\/v2\/pages\/10","targetHints":{"allow":["GET"]}}],"collection":[{"href":"https:\/\/fachanwalt-niemann.de\/index.php\/wp-json\/wp\/v2\/pages"}],"about":[{"href":"https:\/\/fachanwalt-niemann.de\/index.php\/wp-json\/wp\/v2\/types\/page"}],"author":[{"embeddable":true,"href":"https:\/\/fachanwalt-niemann.de\/index.php\/wp-json\/wp\/v2\/users\/2"}],"replies":[{"embeddable":true,"href":"https:\/\/fachanwalt-niemann.de\/index.php\/wp-json\/wp\/v2\/comments?post=10"}],"version-history":[{"count":10,"href":"https:\/\/fachanwalt-niemann.de\/index.php\/wp-json\/wp\/v2\/pages\/10\/revisions"}],"predecessor-version":[{"id":268,"href":"https:\/\/fachanwalt-niemann.de\/index.php\/wp-json\/wp\/v2\/pages\/10\/revisions\/268"}],"wp:featuredmedia":[{"embeddable":true,"href":"https:\/\/fachanwalt-niemann.de\/index.php\/wp-json\/wp\/v2\/media\/203"}],"wp:attachment":[{"href":"https:\/\/fachanwalt-niemann.de\/index.php\/wp-json\/wp\/v2\/media?parent=10"}],"curies":[{"name":"wp","href":"https:\/\/api.w.org\/{rel}","templated":true}]}}