{"id":24,"date":"2016-03-08T10:08:11","date_gmt":"2016-03-08T09:08:11","guid":{"rendered":"http:\/\/cms.fachanwalt-niemann.de\/?page_id=24"},"modified":"2018-06-28T19:15:54","modified_gmt":"2018-06-28T17:15:54","slug":"impressum","status":"publish","type":"page","link":"https:\/\/fachanwalt-niemann.de\/index.php\/impressum\/","title":{"rendered":"Impressum"},"content":{"rendered":"<h2>Impressum<\/h2>\n<p><em>Impressum und Angaben nach \u00a7 5 TMG, \u00a7 55 Abs. 1 RStV und der DL-InfoV<\/em><\/p>\n<p>Diensteanbieter: Dr. Michael Niemann<\/p>\n<p>Sitz: Hauptstra\u00dfe 46 \u00b7 15741 Bestensee<br \/>\nTelefon +49 33763 63440<br \/>\nTelefax +49 33763 66628<br \/>\nE-Mail <a href=\"mailto:office@fachanwalt-niemann.de\">office(at)fachanwalt-niemann.de<\/a><\/p>\n<p>Vertretungsberechtigter des Diensteanbieters f\u00fcr diese Website:<br \/>\nRechtsanwalt Dr. Michael Niemann<br \/>\nAnschrift wie Sitz des Diensteanbieters<\/p>\n<p>Umsatzsteueridentifikationsnummer: DE265933261<\/p>\n<p>Webdesign: <a href=\"http:\/\/www.the-webdesigner.de\/\" target=\"_blank\">www.the-webdesigner.de<\/a> \/ Tobias Herrmann<\/p>\n<p>Webauthoring: Conny Niemann, Michael Niemann<\/p>\n<p>Hosting: e-inform Datenmanagement GmbH \u00b7 F\u00fcrstenwalder Allee 117 \u00b7 12589 Berlin<\/p>\n<div class=\"small\">\n<strong>Angaben in Aus\u00fcbung eines Berufs<\/strong><br \/>\nDie zust\u00e4ndige Rechtsanwaltskammer ist Brandenburg. Die Anschriften der Kammern finden sich bei www.brak.de unter \u201eregionale Kammern\u201c.<br \/>\nDie gesetzliche Berufsbezeichnung f\u00fcr Anw\u00e4lte ist \u201eRechtsanw\u00e4ltinnen und Rechtsanw\u00e4lte\u201c. Diese Berufsbezeichnung ist jeweils in der Bundesrepublik Deutschland verliehen worden. Die berufsrechtlichen Regelungen sind im Wesentlichen die Bundesrechtsanwaltsordnung (BRAO), die Berufsordnung (BORA), die Fachanwaltsordnung (FAO), das Rechtsanwaltsverg\u00fctungsgesetz (RVG) und die Berufsregeln der Rechtsanw\u00e4lte der Europ\u00e4ischen Union (CCBE). Sie finden sich in Deutsch und Englisch bei www.brak.de unter \u201eBerufsrecht\u201c.<\/p>\n<p><strong>Berufshaftpflichtversicherung der Anw\u00e4lte und des Notars<\/strong><br \/>\nAllianz Deutschland AG, 10895 Berlin<br \/>\nDer Versicherungsschutz erstreckt sich nicht auf Haftpflichtanspr\u00fcche aus T\u00e4tigkeiten vor au\u00dfereurop\u00e4ischen Gerichten.<\/p>\n<p><strong>Au\u00dfergerichtliche Streitschlichtungsverfahren<\/strong><br \/>\nBei Streitigkeiten zwischen Anw\u00e4lten und ihren Auftraggebern besteht auf Antrag die M\u00f6glichkeit der au\u00dfergerichtlichen Streitschlichtung bei der jeweiligen regionalen Rechtsanwaltskammer (s.o.) gem. \u00a7 73 Abs. 2 Nr. 3 i.V.m. \u00a7 73 Abs. 5 BRAO oder bei der Schlichtungsstelle der Rechtsanwaltschaft bei der Bundesrechtsanwaltskammer gem. \u00a7 191f BRAO, im Internet zu finden bei www.brak.de, E-Mail: schlichtungsstelle(at)s-d-r.org.<\/p>\n<p><strong>Urheberrecht<\/strong><br \/>\nDas Urheberrecht an dem Inhalt dieser Website oder Teilen davon steht dem Diensteanbieter oder demjenigen zu, von dem der Diensteanbieter ein entsprechendes Nutzungsrecht erhalten hat.<br \/>\nEinzelne Seiten dieser Website d\u00fcrfen zum ausschlie\u00dflichen Gebrauch des jeweiligen Nutzers heruntergeladen, vor\u00fcbergehend gespeichert und gedruckt werden. Dar\u00fcber hinaus gehende Vervielf\u00e4ltigung, \u00dcbertragung oder Verbreitung jeglichen Inhalts dieser Website, insbesondere durch Herunterladen, Speichern oder Drucken, ist ohne die ausdr\u00fcckliche schriftliche Einwilligung des Diensteanbieters verboten.<\/p>\n<p><strong>Inhalt und Haftung<\/strong><br \/>\nDie Inhalte dieser Website dienen der Darstellung des Diensteanbieters und stellen keine Rechtsberatung dar und k\u00f6nnen diese auch nicht ersetzen.<br \/>\nEs wurden alle Anstrengungen unternommen, um die Richtigkeit der auf dieser Website enthaltenen Angaben und Links zu gew\u00e4hrleisten. Jedoch ist jegliche Haftung im Zusammenhang mit der Nutzung der Angaben, der Links oder dem Vertrauen auf deren Aktualit\u00e4t, Richtigkeit und Vollst\u00e4ndigkeit ausgeschlossen. Von diesem Haftungsausschluss ausgenommen sind die vorstehenden Informationen gem. \u00a7 5 TMG, \u00a7 55 Abs. 1 RStV und \u00a7\u00a7 2, 3 DL-InfoV.<\/p>\n<p><strong>Anwendbares Recht<\/strong><br \/>\nDie rechtlichen Hinweise auf dieser Website sowie alle Fragen und Streitigkeiten im Zusammenhang mit dieser Website unterliegen dem Recht der Bundesrepublik Deutschland.\n<\/div>\n","protected":false},"excerpt":{"rendered":"<p>Impressum Impressum und Angaben nach \u00a7 5 TMG, \u00a7 55 Abs. 1 RStV und der DL-InfoV Diensteanbieter: Dr. Michael Niemann Sitz: Hauptstra\u00dfe 46 \u00b7 15741 Bestensee Telefon +49 33763 63440 Telefax +49 33763 66628 E-Mail office(at)fachanwalt-niemann.de Vertretungsberechtigter des Diensteanbieters f\u00fcr diese Website: Rechtsanwalt Dr. Michael Niemann Anschrift wie Sitz des Diensteanbieters Umsatzsteueridentifikationsnummer: DE265933261 Webdesign: www.the-webdesigner.de [&hellip;]<\/p>\n","protected":false},"author":2,"featured_media":27,"parent":0,"menu_order":0,"comment_status":"closed","ping_status":"closed","template":"","meta":{"footnotes":""},"class_list":["post-24","page","type-page","status-publish","has-post-thumbnail","hentry"],"_links":{"self":[{"href":"https:\/\/fachanwalt-niemann.de\/index.php\/wp-json\/wp\/v2\/pages\/24","targetHints":{"allow":["GET"]}}],"collection":[{"href":"https:\/\/fachanwalt-niemann.de\/index.php\/wp-json\/wp\/v2\/pages"}],"about":[{"href":"https:\/\/fachanwalt-niemann.de\/index.php\/wp-json\/wp\/v2\/types\/page"}],"author":[{"embeddable":true,"href":"https:\/\/fachanwalt-niemann.de\/index.php\/wp-json\/wp\/v2\/users\/2"}],"replies":[{"embeddable":true,"href":"https:\/\/fachanwalt-niemann.de\/index.php\/wp-json\/wp\/v2\/comments?post=24"}],"version-history":[{"count":5,"href":"https:\/\/fachanwalt-niemann.de\/index.php\/wp-json\/wp\/v2\/pages\/24\/revisions"}],"predecessor-version":[{"id":84,"href":"https:\/\/fachanwalt-niemann.de\/index.php\/wp-json\/wp\/v2\/pages\/24\/revisions\/84"}],"wp:featuredmedia":[{"embeddable":true,"href":"https:\/\/fachanwalt-niemann.de\/index.php\/wp-json\/wp\/v2\/media\/27"}],"wp:attachment":[{"href":"https:\/\/fachanwalt-niemann.de\/index.php\/wp-json\/wp\/v2\/media?parent=24"}],"curies":[{"name":"wp","href":"https:\/\/api.w.org\/{rel}","templated":true}]}}