{"id":6,"date":"2016-02-26T09:35:16","date_gmt":"2016-02-26T08:35:16","guid":{"rendered":"http:\/\/cms.fachanwalt-niemann.de\/?page_id=6"},"modified":"2026-01-23T15:57:28","modified_gmt":"2026-01-23T14:57:28","slug":"startseite","status":"publish","type":"page","link":"https:\/\/fachanwalt-niemann.de\/","title":{"rendered":"Startseite"},"content":{"rendered":"\n<h2 class=\"wp-block-heading\">Rechtsanw\u00e4lte Dr. Niemann &amp; Kollegen<\/h2>\n\n\n\n<p class=\"has-medium-font-size\"><br><strong>Fachanwaltskanzlei f\u00fcr Familienrecht<\/strong><br><\/p>\n\n\n<p class=\"p1\"><a href=\"https:\/\/fachanwalt-niemann.de\/wp-content\/uploads\/2026\/01\/sidebar_cp_high.jpg\"><img loading=\"lazy\" decoding=\"async\" class=\"alignnone size-full wp-image-207\" src=\"https:\/\/fachanwalt-niemann.de\/wp-content\/uploads\/2026\/01\/sidebar_cp_high.jpg\" alt=\"\" width=\"225\" height=\"214\" \/><\/a><\/p>\n<p>Bereits im Jahr 1990 er\u00f6ffneten die Rechtsanw\u00e4lte Dr. Michael Niemann und Petra Niemann\u00a0 Rechtsanwaltskanzleien in L\u00fcbben\/Spreewald und Bestensee.<\/p>\n<p class=\"p1\">Frau Rechtsanw\u00e4ltin Petra Niemann ist gleichzeitig Fachanw\u00e4ltin f\u00fcr Familienrecht und schwerpunktm\u00e4\u00dfig t\u00e4tig auf dem Gebiet des Erbrechts.<\/p>\n<p class=\"p1\">Seit 2013 ist auch Rechtsanw\u00e4ltin Cornelia Niemann in der Kanzlei mit Ihrer Expertise u. a. im Erbrecht\/ Familienrecht, Allgemeines Zivilrecht, Verkehrsrecht, Sozialrecht sowie Strafrecht t\u00e4tig.<\/p>\n<p class=\"p1\">Wir bem\u00fchen uns um die Vereinbarung zeitnaher Gespr\u00e4chstermine. Sie erreichen uns telefonisch unter <strong>033763\/ 63440<\/strong> und \u00fcber die E-Mail-Adresse\u00a0<a href=\"mailto:office@fachanwalt-niemann.de\"><span class=\"s1\"><strong>office@fachanwalt-niemann.de<\/strong><\/span><\/a> auch au\u00dferhalb unserer Sprechzeiten.<\/p>\n\n\n<p><\/p>\n","protected":false},"excerpt":{"rendered":"<p>Rechtsanw\u00e4lte Dr. Niemann &amp; Kollegen Fachanwaltskanzlei f\u00fcr Familienrecht Bereits im Jahr 1990 er\u00f6ffneten die Rechtsanw\u00e4lte Dr. Michael Niemann und Petra Niemann\u00a0 Rechtsanwaltskanzleien in L\u00fcbben\/Spreewald und Bestensee. Frau Rechtsanw\u00e4ltin Petra Niemann ist gleichzeitig Fachanw\u00e4ltin f\u00fcr Familienrecht und schwerpunktm\u00e4\u00dfig t\u00e4tig auf dem Gebiet des Erbrechts. Seit 2013 ist auch Rechtsanw\u00e4ltin Cornelia Niemann in der Kanzlei mit Ihrer [&hellip;]<\/p>\n","protected":false},"author":2,"featured_media":29,"parent":0,"menu_order":0,"comment_status":"closed","ping_status":"closed","template":"","meta":{"footnotes":""},"class_list":["post-6","page","type-page","status-publish","has-post-thumbnail","hentry"],"_links":{"self":[{"href":"https:\/\/fachanwalt-niemann.de\/index.php\/wp-json\/wp\/v2\/pages\/6","targetHints":{"allow":["GET"]}}],"collection":[{"href":"https:\/\/fachanwalt-niemann.de\/index.php\/wp-json\/wp\/v2\/pages"}],"about":[{"href":"https:\/\/fachanwalt-niemann.de\/index.php\/wp-json\/wp\/v2\/types\/page"}],"author":[{"embeddable":true,"href":"https:\/\/fachanwalt-niemann.de\/index.php\/wp-json\/wp\/v2\/users\/2"}],"replies":[{"embeddable":true,"href":"https:\/\/fachanwalt-niemann.de\/index.php\/wp-json\/wp\/v2\/comments?post=6"}],"version-history":[{"count":10,"href":"https:\/\/fachanwalt-niemann.de\/index.php\/wp-json\/wp\/v2\/pages\/6\/revisions"}],"predecessor-version":[{"id":269,"href":"https:\/\/fachanwalt-niemann.de\/index.php\/wp-json\/wp\/v2\/pages\/6\/revisions\/269"}],"wp:featuredmedia":[{"embeddable":true,"href":"https:\/\/fachanwalt-niemann.de\/index.php\/wp-json\/wp\/v2\/media\/29"}],"wp:attachment":[{"href":"https:\/\/fachanwalt-niemann.de\/index.php\/wp-json\/wp\/v2\/media?parent=6"}],"curies":[{"name":"wp","href":"https:\/\/api.w.org\/{rel}","templated":true}]}}